{"id":630,"date":"2020-12-29T02:10:55","date_gmt":"2020-12-29T02:10:55","guid":{"rendered":"http:\/\/undalab.com\/wp\/?page_id=630"},"modified":"2021-02-23T23:42:57","modified_gmt":"2021-02-23T23:42:57","slug":"mas-informacion-portugues","status":"publish","type":"page","link":"http:\/\/undalab.com\/wp\/pt\/mas-informacion-portugues\/","title":{"rendered":"MAS INFORMACION PORTUGUES"},"content":{"rendered":"\t\t<div data-elementor-type=\"wp-page\" data-elementor-id=\"630\" class=\"elementor elementor-630\">\n\t\t\t\t\t\t<div class=\"elementor-inner\">\n\t\t\t\t<div class=\"elementor-section-wrap\">\n\t\t\t\t\t\t\t\t\t<section class=\"elementor-section elementor-top-section elementor-element elementor-element-138b457 elementor-section-full_width elementor-section-stretched elementor-section-height-default elementor-section-height-default\" data-id=\"138b457\" data-element_type=\"section\" data-settings=\"{&quot;stretch_section&quot;:&quot;section-stretched&quot;}\">\n\t\t\t\t\t\t<div class=\"elementor-container elementor-column-gap-no\">\n\t\t\t\t\t\t\t<div class=\"elementor-row\">\n\t\t\t\t\t<div class=\"elementor-column elementor-col-100 elementor-top-column elementor-element elementor-element-1635602\" data-id=\"1635602\" data-element_type=\"column\">\n\t\t\t<div class=\"elementor-column-wrap elementor-element-populated\">\n\t\t\t\t\t\t\t<div class=\"elementor-widget-wrap\">\n\t\t\t\t\t\t<div class=\"elementor-element elementor-element-5f2bf4a elementor-pagination-position-inside elementor-arrows-position-inside elementor-widget elementor-widget-image-carousel\" data-id=\"5f2bf4a\" data-element_type=\"widget\" data-settings=\"{&quot;slides_to_show&quot;:&quot;1&quot;,&quot;navigation&quot;:&quot;both&quot;,&quot;autoplay&quot;:&quot;yes&quot;,&quot;pause_on_hover&quot;:&quot;yes&quot;,&quot;pause_on_interaction&quot;:&quot;yes&quot;,&quot;autoplay_speed&quot;:5000,&quot;infinite&quot;:&quot;yes&quot;,&quot;effect&quot;:&quot;slide&quot;,&quot;speed&quot;:500}\" data-widget_type=\"image-carousel.default\">\n\t\t\t\t<div class=\"elementor-widget-container\">\n\t\t\t\t\t<div class=\"elementor-image-carousel-wrapper swiper-container\" dir=\"ltr\">\n\t\t\t<div class=\"elementor-image-carousel swiper-wrapper swiper-image-stretch\">\n\t\t\t\t\t\t\t\t<div class=\"swiper-slide\"><figure class=\"swiper-slide-inner\"><img class=\"swiper-slide-image\" src=\"http:\/\/undalab.com\/wp\/wp-content\/uploads\/2021\/02\/03.png\" alt=\"03\" \/><\/figure><\/div><div class=\"swiper-slide\"><figure class=\"swiper-slide-inner\"><img class=\"swiper-slide-image\" src=\"http:\/\/undalab.com\/wp\/wp-content\/uploads\/2020\/12\/3i.jpg\" alt=\"3i\" \/><\/figure><\/div><div class=\"swiper-slide\"><figure class=\"swiper-slide-inner\"><img class=\"swiper-slide-image\" src=\"http:\/\/undalab.com\/wp\/wp-content\/uploads\/2020\/12\/2i.jpg\" alt=\"2i\" \/><\/figure><\/div><div class=\"swiper-slide\"><figure class=\"swiper-slide-inner\"><img class=\"swiper-slide-image\" src=\"http:\/\/undalab.com\/wp\/wp-content\/uploads\/2021\/02\/38-2.png\" alt=\"38\" \/><\/figure><\/div><div class=\"swiper-slide\"><figure class=\"swiper-slide-inner\"><img class=\"swiper-slide-image\" src=\"http:\/\/undalab.com\/wp\/wp-content\/uploads\/2020\/12\/4i.jpg\" alt=\"4i\" \/><\/figure><\/div><div class=\"swiper-slide\"><figure class=\"swiper-slide-inner\"><img class=\"swiper-slide-image\" src=\"http:\/\/undalab.com\/wp\/wp-content\/uploads\/2020\/12\/5i.jpg\" alt=\"5i\" \/><\/figure><\/div><div class=\"swiper-slide\"><figure class=\"swiper-slide-inner\"><img class=\"swiper-slide-image\" src=\"http:\/\/undalab.com\/wp\/wp-content\/uploads\/2020\/12\/6i.jpg\" alt=\"6i\" \/><\/figure><\/div><div class=\"swiper-slide\"><figure class=\"swiper-slide-inner\"><img class=\"swiper-slide-image\" src=\"http:\/\/undalab.com\/wp\/wp-content\/uploads\/2021\/02\/6.png\" alt=\"6\" \/><\/figure><\/div><div class=\"swiper-slide\"><figure class=\"swiper-slide-inner\"><img class=\"swiper-slide-image\" src=\"http:\/\/undalab.com\/wp\/wp-content\/uploads\/2021\/02\/banner1.png\" alt=\"banner1\" \/><\/figure><\/div>\t\t\t<\/div>\n\t\t\t\t\t\t\t\t\t\t\t\t<div class=\"swiper-pagination\"><\/div>\n\t\t\t\t\t\t\t\t\t\t\t\t\t<div class=\"elementor-swiper-button elementor-swiper-button-prev\">\n\t\t\t\t\t\t<i aria-hidden=\"true\" class=\"eicon-chevron-left\"><\/i>\t\t\t\t\t\t<span class=\"elementor-screen-only\">Previous<\/span>\n\t\t\t\t\t<\/div>\n\t\t\t\t\t<div class=\"elementor-swiper-button elementor-swiper-button-next\">\n\t\t\t\t\t\t<i aria-hidden=\"true\" class=\"eicon-chevron-right\"><\/i>\t\t\t\t\t\t<span class=\"elementor-screen-only\">Next<\/span>\n\t\t\t\t\t<\/div>\n\t\t\t\t\t\t\t\t\t<\/div>\n\t\t\t\t<\/div>\n\t\t\t\t<\/div>\n\t\t\t\t\t\t<\/div>\n\t\t\t\t\t<\/div>\n\t\t<\/div>\n\t\t\t\t\t\t\t\t<\/div>\n\t\t\t\t\t<\/div>\n\t\t<\/section>\n\t\t\t\t<section class=\"elementor-section elementor-top-section elementor-element elementor-element-5c3c9f2 elementor-section-boxed elementor-section-height-default elementor-section-height-default\" data-id=\"5c3c9f2\" data-element_type=\"section\" data-settings=\"{&quot;background_background&quot;:&quot;classic&quot;}\">\n\t\t\t\t\t\t<div class=\"elementor-container elementor-column-gap-default\">\n\t\t\t\t\t\t\t<div class=\"elementor-row\">\n\t\t\t\t\t<div class=\"elementor-column elementor-col-100 elementor-top-column elementor-element elementor-element-aa9cc07\" data-id=\"aa9cc07\" data-element_type=\"column\">\n\t\t\t<div class=\"elementor-column-wrap elementor-element-populated\">\n\t\t\t\t\t\t\t<div class=\"elementor-widget-wrap\">\n\t\t\t\t\t\t<div class=\"elementor-element elementor-element-1ddd75d elementor-tabs-view-horizontal elementor-widget elementor-widget-tabs\" data-id=\"1ddd75d\" data-element_type=\"widget\" data-widget_type=\"tabs.default\">\n\t\t\t\t<div class=\"elementor-widget-container\">\n\t\t\t\t\t<div class=\"elementor-tabs\">\n\t\t\t<div class=\"elementor-tabs-wrapper\" role=\"tablist\" >\n\t\t\t\t\t\t\t\t\t<div id=\"elementor-tab-title-3131\" class=\"elementor-tab-title elementor-tab-desktop-title\" aria-selected=\"true\" data-tab=\"1\" role=\"tab\" tabindex=\"0\" aria-controls=\"elementor-tab-content-3131\" aria-expanded=\"false\"><a href=\"\">DICAS<\/a><\/div>\n\t\t\t\t\t\t\t\t\t<div id=\"elementor-tab-title-3132\" class=\"elementor-tab-title elementor-tab-desktop-title\" aria-selected=\"false\" data-tab=\"2\" role=\"tab\" tabindex=\"-1\" aria-controls=\"elementor-tab-content-3132\" aria-expanded=\"false\"><a href=\"\">OFERTAS<\/a><\/div>\n\t\t\t\t\t\t\t\t\t<div id=\"elementor-tab-title-3133\" class=\"elementor-tab-title elementor-tab-desktop-title\" aria-selected=\"false\" data-tab=\"3\" role=\"tab\" tabindex=\"-1\" aria-controls=\"elementor-tab-content-3133\" aria-expanded=\"false\"><a href=\"\">ALTA FREQU\u00caNCIA<\/a><\/div>\n\t\t\t\t\t\t\t\t\t<div id=\"elementor-tab-title-3134\" class=\"elementor-tab-title elementor-tab-desktop-title\" aria-selected=\"false\" data-tab=\"4\" role=\"tab\" tabindex=\"-1\" aria-controls=\"elementor-tab-content-3134\" aria-expanded=\"false\"><a href=\"\">EXPOSI\u00c7\u00d5ES<\/a><\/div>\n\t\t\t\t\t\t\t\t\t<div id=\"elementor-tab-title-3135\" class=\"elementor-tab-title elementor-tab-desktop-title\" aria-selected=\"false\" data-tab=\"5\" role=\"tab\" tabindex=\"-1\" aria-controls=\"elementor-tab-content-3135\" aria-expanded=\"false\"><a href=\"\">ENTREGAS<\/a><\/div>\n\t\t\t\t\t\t\t<\/div>\n\t\t\t<div class=\"elementor-tabs-content-wrapper\" role=\"tablist\" aria-orientation=\"vertical\">\n\t\t\t\t\t\t\t\t\t<div class=\"elementor-tab-title elementor-tab-mobile-title\" aria-selected=\"true\" data-tab=\"1\" role=\"tab\" tabindex=\"0\" aria-controls=\"elementor-tab-content-3131\" aria-expanded=\"false\">DICAS<\/div>\n\t\t\t\t\t<div id=\"elementor-tab-content-3131\" class=\"elementor-tab-content elementor-clearfix\" data-tab=\"1\" role=\"tabpanel\" aria-labelledby=\"elementor-tab-title-3131\" tabindex=\"0\" hidden=\"false\"><p>Voc\u00ea quer comprar uma m\u00e1quina de alta frequ\u00eancia? N\u00e3o sabe quem? Como \u00e9 guiado? Por pre\u00e7o? Por qualidade?<\/p><p>N\u00f3s tiramos suas d\u00favidas<\/p><p>Antes de comprar uma m\u00e1quina:<\/p><p><strong>Importado<\/strong><\/p><p>Em geral, s\u00e3o importadores que se dedicam a outros itens, portanto, quando o c\u00e2mbio n\u00e3o \u00e9 favor\u00e1vel, deixam de faz\u00ea-lo, como j\u00e1 acontecia no passado.<\/p><p>N\u00e3o disp\u00f5em de todas as pe\u00e7as sobressalentes, nem disp\u00f5em de assist\u00eancia t\u00e9cnica especializada.<\/p><p>Eles s\u00e3o equipados com l\u00e2mpadas eletr\u00f4nicas que s\u00f3 s\u00e3o vendidas na China e, por meio delas, voc\u00ea se torna um cliente cativo aqui.<\/p><p>Os Kilo Watts de pot\u00eancia (KW) n\u00e3o s\u00e3o reais, pois as m\u00e1quinas de 4 KW s\u00e3o mostradas como 6 KW, 8 KW, 10 KW, etc.<\/p><p><strong>Nacional<\/strong><\/p><p>Certifique-se de que s\u00e3o feitos com l\u00e2mpadas que est\u00e3o dispon\u00edveis no mercado, Brasil, EUA, Europa, \u00c1sia, como TB3 \/ 750, TB4 \/ 1250, TB5 \/ 2500, 3CX-2500 H3 ou F3.<\/p><p>Quando as m\u00e1quinas tiverem outro modelo de l\u00e2mpada eletr\u00f4nica, n\u00e3o se engane, mesmo que digam &#8220;Ind\u00fastria Argentina&#8221; n\u00e3o, n\u00e3o h\u00e1 fabricantes na Argentina que utilizem outros tipos de l\u00e2mpadas al\u00e9m das descritas.<\/p><p>Pe\u00e7a a um fabricante nacional para lhe mostrar as pe\u00e7as de reposi\u00e7\u00e3o em estoque, cilindros, pedais pneum\u00e1ticos, FRL, transformadores, retificadores, corta-fa\u00edscas, temporizadores, amper\u00edmetros, etc.<\/p><p>Um fabricante respons\u00e1vel deve ter um estoque de pe\u00e7as sobressalentes.<\/p><p>Observe a linha, cor uniforme, sinais indicadores, detalhes de acabamento, n\u00e3o s\u00f3 exterior, tamb\u00e9m exija ver o interior do equipamento, mesmo que n\u00e3o entenda, olhe com aten\u00e7\u00e3o, a fia\u00e7\u00e3o, o asseio, e a arte do bom acabamento, manuais em Espanhol.<\/p><p>N\u00e3o procure retornos absurdos na pot\u00eancia das m\u00e1quinas, voc\u00ea n\u00e3o pode exigir mais do que o que indica o fabricante das v\u00e1lvulas eletr\u00f4nicas.<\/p><\/div>\n\t\t\t\t\t\t\t\t\t<div class=\"elementor-tab-title elementor-tab-mobile-title\" aria-selected=\"false\" data-tab=\"2\" role=\"tab\" tabindex=\"-1\" aria-controls=\"elementor-tab-content-3132\" aria-expanded=\"false\">OFERTAS<\/div>\n\t\t\t\t\t<div id=\"elementor-tab-content-3132\" class=\"elementor-tab-content elementor-clearfix\" data-tab=\"2\" role=\"tabpanel\" aria-labelledby=\"elementor-tab-title-3132\" tabindex=\"0\" hidden=\"hidden\"><p>Consulte-nos, temos m\u00e1quinas novas com percentagens de desconto e m\u00e1quinas usadas !!<\/p><\/div>\n\t\t\t\t\t\t\t\t\t<div class=\"elementor-tab-title elementor-tab-mobile-title\" aria-selected=\"false\" data-tab=\"3\" role=\"tab\" tabindex=\"-1\" aria-controls=\"elementor-tab-content-3133\" aria-expanded=\"false\">ALTA FREQU\u00caNCIA<\/div>\n\t\t\t\t\t<div id=\"elementor-tab-content-3133\" class=\"elementor-tab-content elementor-clearfix\" data-tab=\"3\" role=\"tabpanel\" aria-labelledby=\"elementor-tab-title-3133\" tabindex=\"0\" hidden=\"hidden\"><p><strong>PROCESSOS DE MANUFATURA DE ALTA FREQU\u00caNCIA<\/strong><\/p><p>Normalmente, a alta frequ\u00eancia est\u00e1 associada \u00e0 soldagem ou moldagem termopl\u00e1stica e sua aplica\u00e7\u00e3o \u00e9 limitada a um processo espec\u00edfico onde os fatores determinantes (m\u00e1quina, matriz ou eletrodo e material) s\u00e3o selecionados com base no referido conceito b\u00e1sico.<\/p><p>Ou seja, uma realidade indiscut\u00edvel (a radiofrequ\u00eancia industrial s\u00f3 atua sobre materiais termopl\u00e1sticos que permitem o aquecimento \u00edntimo do material por fric\u00e7\u00e3o molecular) tem limitado sua aplica\u00e7\u00e3o, na maioria das vezes, \u00e0 soldagem e \/ ou grava\u00e7\u00e3o de tecidos de PVC. com ou sem suporte t\u00eaxtil.<\/p><p>O processo misto mais difundido \u00e9 a aplica\u00e7\u00e3o de alta frequ\u00eancia em materiais previamente serigrafados, obtendo-se produtos das mais variadas cores, formas e texturas.<\/p><p>Os processos citados podem ser chamados de convencionais onde sua efici\u00eancia e a qualidade dos produtos obtidos depender\u00e3o da tecnologia aplicada.<\/p><p>SISTEMA DE CONVERS\u00c3O DE MATERIAIS DE ALTA FREQU\u00caNCIA<\/p><p>Por que convers\u00e3o?<\/p><p>Porque a partir de materiais diversos e atrav\u00e9s da aplica\u00e7\u00e3o de press\u00e3o, alta frequ\u00eancia e um ferramental adequado, obtemos um material novo e \u00fanico, com caracter\u00edsticas f\u00edsicas e est\u00e9ticas espec\u00edficas.<\/p><p>Uma das grandes vantagens do processo \u00e9 que ele incorpora materiais n\u00e3o termopl\u00e1sticos na moldagem de alta frequ\u00eancia, abrindo um amplo leque de possibilidades em termos de design, caracter\u00edsticas est\u00e9ticas e qualidades f\u00edsico-mec\u00e2nicas. Sirva como exemplo de processamento de materiais como couro, tecidos (fibras naturais), tecidos sint\u00e9ticos, poliuretano, EVA, espuma de poli\u00e9ster, etc.<\/p><p>Uma grande variedade de artigos pode ser produzida por este m\u00e9todo, j\u00e1 que a partir do pr\u00f3prio design se obt\u00e9m um produto final acabado, com caracter\u00edsticas diferenciadas e excelentes qualidades para setores como publicidade, vestu\u00e1rio, higiene e seguran\u00e7a, brinquedos, etc.<\/p><p>Para setores como marroquinaria, cal\u00e7ado, cal\u00e7ado desportivo, etc.; As partes constitutivas do produto final podem ser obtidas, resolvendo problemas complexos de fabrica\u00e7\u00e3o em muitos casos.<\/p><\/div>\n\t\t\t\t\t\t\t\t\t<div class=\"elementor-tab-title elementor-tab-mobile-title\" aria-selected=\"false\" data-tab=\"4\" role=\"tab\" tabindex=\"-1\" aria-controls=\"elementor-tab-content-3134\" aria-expanded=\"false\">EXPOSI\u00c7\u00d5ES<\/div>\n\t\t\t\t\t<div id=\"elementor-tab-content-3134\" class=\"elementor-tab-content elementor-clearfix\" data-tab=\"4\" role=\"tabpanel\" aria-labelledby=\"elementor-tab-title-3134\" tabindex=\"0\" hidden=\"hidden\"><p>A cada dois anos (em anos pares) \u00e9 realizada a exposi\u00e7\u00e3o Argenplas, que costumamos assistir todos os anos.<\/p><p>Tamb\u00e9m participamos de outras feiras, para as quais sugerimos que entre em contato conosco para participar da pr\u00f3xima conven\u00e7\u00e3o e conhecer nossos produtos de perto.<\/p><p><img loading=\"lazy\" class=\"alignnone size-full wp-image-1184\" src=\"http:\/\/undalab.com\/wp\/wp-content\/uploads\/2021\/02\/expo-2.png\" alt=\"\" width=\"1200\" height=\"447\" srcset=\"http:\/\/undalab.com\/wp\/wp-content\/uploads\/2021\/02\/expo-2.png 1200w, http:\/\/undalab.com\/wp\/wp-content\/uploads\/2021\/02\/expo-2-300x112.png 300w, http:\/\/undalab.com\/wp\/wp-content\/uploads\/2021\/02\/expo-2-1024x381.png 1024w, http:\/\/undalab.com\/wp\/wp-content\/uploads\/2021\/02\/expo-2-768x286.png 768w, http:\/\/undalab.com\/wp\/wp-content\/uploads\/2021\/02\/expo-2-830x309.png 830w, http:\/\/undalab.com\/wp\/wp-content\/uploads\/2021\/02\/expo-2-230x86.png 230w, http:\/\/undalab.com\/wp\/wp-content\/uploads\/2021\/02\/expo-2-350x130.png 350w, http:\/\/undalab.com\/wp\/wp-content\/uploads\/2021\/02\/expo-2-480x179.png 480w\" sizes=\"(max-width: 1200px) 100vw, 1200px\" \/><\/p><\/div>\n\t\t\t\t\t\t\t\t\t<div class=\"elementor-tab-title elementor-tab-mobile-title\" aria-selected=\"false\" data-tab=\"5\" role=\"tab\" tabindex=\"-1\" aria-controls=\"elementor-tab-content-3135\" aria-expanded=\"false\">ENTREGAS<\/div>\n\t\t\t\t\t<div id=\"elementor-tab-content-3135\" class=\"elementor-tab-content elementor-clearfix\" data-tab=\"5\" role=\"tabpanel\" aria-labelledby=\"elementor-tab-title-3135\" tabindex=\"0\" hidden=\"hidden\"><p>Fazemos entregas imediatas e programadas em todo o pa\u00eds.<\/p><p><img loading=\"lazy\" class=\"alignnone size-full wp-image-1275\" src=\"http:\/\/undalab.com\/wp\/wp-content\/uploads\/2021\/02\/entregas.png\" alt=\"\" width=\"1200\" height=\"447\" srcset=\"http:\/\/undalab.com\/wp\/wp-content\/uploads\/2021\/02\/entregas.png 1200w, http:\/\/undalab.com\/wp\/wp-content\/uploads\/2021\/02\/entregas-300x112.png 300w, http:\/\/undalab.com\/wp\/wp-content\/uploads\/2021\/02\/entregas-1024x381.png 1024w, http:\/\/undalab.com\/wp\/wp-content\/uploads\/2021\/02\/entregas-768x286.png 768w, http:\/\/undalab.com\/wp\/wp-content\/uploads\/2021\/02\/entregas-830x309.png 830w, http:\/\/undalab.com\/wp\/wp-content\/uploads\/2021\/02\/entregas-230x86.png 230w, http:\/\/undalab.com\/wp\/wp-content\/uploads\/2021\/02\/entregas-350x130.png 350w, http:\/\/undalab.com\/wp\/wp-content\/uploads\/2021\/02\/entregas-480x179.png 480w\" sizes=\"(max-width: 1200px) 100vw, 1200px\" \/><\/p><\/div>\n\t\t\t\t\t\t\t<\/div>\n\t\t<\/div>\n\t\t\t\t<\/div>\n\t\t\t\t<\/div>\n\t\t\t\t\t\t<\/div>\n\t\t\t\t\t<\/div>\n\t\t<\/div>\n\t\t\t\t\t\t\t\t<\/div>\n\t\t\t\t\t<\/div>\n\t\t<\/section>\n\t\t\t\t\t\t\t\t\t<\/div>\n\t\t\t<\/div>\n\t\t\t\t\t<\/div>\n\t\t","protected":false},"excerpt":{"rendered":"<p>Anterior Pr\u00f3ximo DICAS OFERTAS ALTA FREQU\u00caNCIA EXPOSI\u00c7\u00d5ES ENTREGAS DICAS Voc\u00ea quer comprar uma m\u00e1quina de alta frequ\u00eancia? N\u00e3o sabe quem? Como \u00e9 guiado? Por pre\u00e7o? Por qualidade? N\u00f3s tiramos suas d\u00favidas Antes de comprar uma m\u00e1quina: Importado Em geral, s\u00e3o importadores que se dedicam a outros itens, portanto, quando o c\u00e2mbio n\u00e3o \u00e9 favor\u00e1vel, deixam [&hellip;]<\/p>\n","protected":false},"author":1,"featured_media":0,"parent":0,"menu_order":0,"comment_status":"closed","ping_status":"closed","template":"page-templates\/page_front-page.php","meta":[],"_links":{"self":[{"href":"http:\/\/undalab.com\/wp\/wp-json\/wp\/v2\/pages\/630"}],"collection":[{"href":"http:\/\/undalab.com\/wp\/wp-json\/wp\/v2\/pages"}],"about":[{"href":"http:\/\/undalab.com\/wp\/wp-json\/wp\/v2\/types\/page"}],"author":[{"embeddable":true,"href":"http:\/\/undalab.com\/wp\/wp-json\/wp\/v2\/users\/1"}],"replies":[{"embeddable":true,"href":"http:\/\/undalab.com\/wp\/wp-json\/wp\/v2\/comments?post=630"}],"version-history":[{"count":20,"href":"http:\/\/undalab.com\/wp\/wp-json\/wp\/v2\/pages\/630\/revisions"}],"predecessor-version":[{"id":1331,"href":"http:\/\/undalab.com\/wp\/wp-json\/wp\/v2\/pages\/630\/revisions\/1331"}],"wp:attachment":[{"href":"http:\/\/undalab.com\/wp\/wp-json\/wp\/v2\/media?parent=630"}],"curies":[{"name":"wp","href":"https:\/\/api.w.org\/{rel}","templated":true}]}}